{"id":1433,"date":"2025-01-26T13:46:51","date_gmt":"2025-01-26T13:46:51","guid":{"rendered":"https:\/\/nektarexpress.de\/?page_id=1433"},"modified":"2025-12-29T16:44:50","modified_gmt":"2025-12-29T16:44:50","slug":"formel-1","status":"publish","type":"page","link":"https:\/\/nektarexpress.de\/?page_id=1433","title":{"rendered":"Formel 1"},"content":{"rendered":"\n<p>15, 12, 10, 8, 6, 5, 4, 3, 2, 1 Punkte f\u00fcr die ersten zehn der Preispartie und bei Gleichstand jeweils die h\u00f6here Punktzahl, dann werden aber n\u00e4chste Stufe(n) auslassen.<\/p>\n\n\n\n<figure class=\"wp-block-table is-style-stripes has-normal-font-size\"><table><tbody><tr><td class=\"has-text-align-center\" data-align=\"center\" colspan=\"6\"><strong>Formel 1 2025<\/strong><\/td><\/tr><tr><td class=\"has-text-align-center\" data-align=\"center\"><strong>Kegler<\/strong><\/td><td><strong>Punkte<\/strong><\/td><td><strong>Anwesend<\/strong><\/td><td><strong>K\u00f6nig<\/strong><\/td><td><strong>Rang<\/strong><\/td><td><strong>Durchschnitt<\/strong><\/td><\/tr><tr><td class=\"has-text-align-center\" data-align=\"center\"><strong>Stefan<\/strong><\/td><td>8<\/td><td>1<\/td><td>0<\/td><td><\/td><td><\/td><\/tr><tr><td class=\"has-text-align-center\" data-align=\"center\"><strong>Ingo<\/strong><\/td><td>0<\/td><td>0<\/td><td>2<\/td><td><\/td><td><\/td><\/tr><tr><td class=\"has-text-align-center\" data-align=\"center\"><strong>Udo<\/strong><\/td><td>5<\/td><td>1<\/td><td>2<\/td><td><\/td><td><\/td><\/tr><tr><td class=\"has-text-align-center\" data-align=\"center\"><strong>Oliver<\/strong><\/td><td>8<\/td><td>1<\/td><td>0<\/td><td><\/td><td><\/td><\/tr><tr><td class=\"has-text-align-center\" data-align=\"center\"><strong>Markus<\/strong><\/td><td>3<\/td><td>1<\/td><td>0<\/td><td><\/td><td><\/td><\/tr><tr><td class=\"has-text-align-center\" data-align=\"center\"><strong>Rosti<\/strong><\/td><td>5<\/td><td>1<\/td><td>3<\/td><td><\/td><td><\/td><\/tr><tr><td class=\"has-text-align-center\" data-align=\"center\"><strong>Frank<\/strong><\/td><td>0<\/td><td>0<\/td><td>0<\/td><td><\/td><td><\/td><\/tr><tr><td class=\"has-text-align-center\" data-align=\"center\"><strong>Uwe<\/strong><\/td><td>12<\/td><td>1<\/td><td>0<\/td><td><\/td><td><\/td><\/tr><tr><td class=\"has-text-align-center\" data-align=\"center\"><strong>Puffi<\/strong><\/td><td>10<\/td><td>1<\/td><td>2<\/td><td><\/td><td><\/td><\/tr><tr><td class=\"has-text-align-center\" data-align=\"center\"><strong>Norbert<\/strong><\/td><td>15<\/td><td>1<\/td><td>1<\/td><td><\/td><td><\/td><\/tr><tr><td class=\"has-text-align-center\" data-align=\"center\"><strong>Axel<\/strong><\/td><td>0<\/td><td>0<\/td><td>0<\/td><td><\/td><td><\/td><\/tr><tr><td class=\"has-text-align-center\" data-align=\"center\"><strong>Achim<\/strong><\/td><td>0<\/td><td>0<\/td><td>0<\/td><td><\/td><td><\/td><\/tr><\/tbody><\/table><\/figure>\n\n\n\n<hr class=\"wp-block-separator has-alpha-channel-opacity is-style-wide\"\/>\n\n\n\n<figure class=\"wp-block-table is-style-stripes has-normal-font-size\"><table><tbody><tr><td class=\"has-text-align-center\" data-align=\"center\" colspan=\"6\"><strong>Formel 1 2024<\/strong><\/td><\/tr><tr><td class=\"has-text-align-center\" data-align=\"center\"><strong>Kegler<\/strong><\/td><td><strong>Punkte<\/strong><\/td><td><strong>Anwesend<\/strong><\/td><td><strong>K\u00f6nig<\/strong><\/td><td><strong>Rang<\/strong><\/td><td><strong>Durchschnitt<\/strong><\/td><\/tr><tr><td class=\"has-text-align-center\" data-align=\"center\"><strong>Stefan<\/strong><\/td><td>116<\/td><td>10<\/td><td>4<\/td><td>1<\/td><td>11,6<\/td><\/tr><tr><td class=\"has-text-align-center\" data-align=\"center\"><strong>Ingo<\/strong><\/td><td>115<\/td><td>12<\/td><td>2<\/td><td>2<\/td><td>9,6<\/td><\/tr><tr><td class=\"has-text-align-center\" data-align=\"center\"><strong>Udo<\/strong><\/td><td>105<\/td><td>10<\/td><td>5<\/td><td>3<\/td><td>10,5<\/td><\/tr><tr><td class=\"has-text-align-center\" data-align=\"center\"><strong>Oliver<\/strong><\/td><td>91<\/td><td>12<\/td><td>0<\/td><td>4<\/td><td>7,6<\/td><\/tr><tr><td class=\"has-text-align-center\" data-align=\"center\"><strong>Markus<\/strong><\/td><td>77<\/td><td>11<\/td><td>1<\/td><td>5<\/td><td>7,0<\/td><\/tr><tr><td class=\"has-text-align-center\" data-align=\"center\"><strong>Rosti<\/strong><\/td><td>73<\/td><td>9<\/td><td>0<\/td><td>6<\/td><td>8,1<\/td><\/tr><tr><td class=\"has-text-align-center\" data-align=\"center\"><strong>Frank<\/strong><\/td><td>67<\/td><td>11<\/td><td>0<\/td><td>7<\/td><td>6,1<\/td><\/tr><tr><td class=\"has-text-align-center\" data-align=\"center\"><strong>Uwe<\/strong><\/td><td>48<\/td><td>9<\/td><td>0<\/td><td>8<\/td><td>5,3<\/td><\/tr><tr><td class=\"has-text-align-center\" data-align=\"center\"><strong>Puffi<\/strong><\/td><td>47<\/td><td>7<\/td><td>0<\/td><td>9<\/td><td>6,7<\/td><\/tr><tr><td class=\"has-text-align-center\" data-align=\"center\"><strong>Norbert<\/strong><\/td><td>45<\/td><td>6<\/td><td>0<\/td><td>10<\/td><td>7,5<\/td><\/tr><tr><td class=\"has-text-align-center\" data-align=\"center\"><strong>Axel<\/strong><\/td><td>35<\/td><td>7<\/td><td>1<\/td><td>11<\/td><td>5,0<\/td><\/tr><tr><td class=\"has-text-align-center\" data-align=\"center\"><strong>Achim<\/strong><\/td><td>5<\/td><td>4<\/td><td>0<\/td><td>12<\/td><td>1,3<\/td><\/tr><\/tbody><\/table><\/figure>\n\n\n\n<hr class=\"wp-block-separator has-alpha-channel-opacity is-style-wide\"\/>\n\n\n\n<figure class=\"wp-block-table is-style-stripes has-normal-font-size\"><table><tbody><tr><td class=\"has-text-align-center\" data-align=\"center\" colspan=\"6\"><strong>Formel 1 2023<\/strong><\/td><\/tr><tr><td class=\"has-text-align-center\" data-align=\"center\"><strong>Kegler<\/strong><\/td><td><strong>Punkte<\/strong><\/td><td><strong>Anwesend<\/strong><\/td><td><strong>K\u00f6nig<\/strong><\/td><td><strong>Rang<\/strong><\/td><td><strong>Durchschnitt<\/strong><\/td><\/tr><tr><td class=\"has-text-align-center\" data-align=\"center\"><strong>Udo<\/strong><\/td><td>98<\/td><td>10<\/td><td>3<\/td><td>1<\/td><td>9,8<\/td><\/tr><tr><td class=\"has-text-align-center\" data-align=\"center\"><strong>Stefan<\/strong><\/td><td>93<\/td><td>9<\/td><td>3<\/td><td>2<\/td><td>10,3<\/td><\/tr><tr><td class=\"has-text-align-center\" data-align=\"center\"><strong>Rosti<\/strong><\/td><td>74<\/td><td>7<\/td><td>2<\/td><td>3<\/td><td>10,6<\/td><\/tr><tr><td class=\"has-text-align-center\" data-align=\"center\"><strong>Frank<\/strong><\/td><td>73<\/td><td>10<\/td><td>0<\/td><td>4<\/td><td>7,3<\/td><\/tr><tr><td class=\"has-text-align-center\" data-align=\"center\"><strong>Ingo<\/strong><\/td><td>67<\/td><td>8<\/td><td>1<\/td><td>5<\/td><td>8,4<\/td><\/tr><tr><td class=\"has-text-align-center\" data-align=\"center\"><strong>Axel<\/strong><\/td><td>64<\/td><td>7<\/td><td>1<\/td><td>6<\/td><td>9,1<\/td><\/tr><tr><td class=\"has-text-align-center\" data-align=\"center\"><strong>Markus<\/strong><\/td><td>63<\/td><td>11<\/td><td>0<\/td><td>7<\/td><td>5,7<\/td><\/tr><tr><td class=\"has-text-align-center\" data-align=\"center\"><strong>Puffi<\/strong><\/td><td>58<\/td><td>7<\/td><td>0<\/td><td>8<\/td><td>8,3<\/td><\/tr><tr><td class=\"has-text-align-center\" data-align=\"center\"><strong>Norbert<\/strong><\/td><td>44<\/td><td>6<\/td><td>0<\/td><td>9<\/td><td>7,3<\/td><\/tr><tr><td class=\"has-text-align-center\" data-align=\"center\"><strong>Uwe<\/strong><\/td><td>41<\/td><td>4<\/td><td>1<\/td><td>10<\/td><td>10,3<\/td><\/tr><tr><td class=\"has-text-align-center\" data-align=\"center\"><strong>Oliver<\/strong><\/td><td>30<\/td><td>7<\/td><td>0<\/td><td>11<\/td><td>4,3<\/td><\/tr><tr><td class=\"has-text-align-center\" data-align=\"center\"><strong>Achim<\/strong><\/td><td>15<\/td><td>6<\/td><td>0<\/td><td>12<\/td><td>2,5<\/td><\/tr><\/tbody><\/table><\/figure>\n\n\n\n<hr class=\"wp-block-separator has-alpha-channel-opacity is-style-wide\"\/>\n\n\n\n<figure class=\"wp-block-table is-style-stripes has-normal-font-size\"><table><tbody><tr><td class=\"has-text-align-center\" data-align=\"center\" colspan=\"6\"><strong>Formel 1 2019<\/strong><\/td><\/tr><tr><td class=\"has-text-align-center\" data-align=\"center\"><strong>Kegler<\/strong><\/td><td><strong>Punkte<\/strong><\/td><td><strong>Anwesend<\/strong><\/td><td><strong>K\u00f6nig<\/strong><\/td><td><strong>Rang<\/strong><\/td><td><strong>Durchschnitt<\/strong><\/td><\/tr><tr><td class=\"has-text-align-center\" data-align=\"center\"><strong>Ingo<\/strong><\/td><td>118<\/td><td>10<\/td><td>6<\/td><td>1<\/td><td>11,8<\/td><\/tr><tr><td class=\"has-text-align-center\" data-align=\"center\"><strong>Stefan<\/strong><\/td><td>117<\/td><td>10<\/td><td>4<\/td><td>2<\/td><td>11,7<\/td><\/tr><tr><td class=\"has-text-align-center\" data-align=\"center\"><strong>Frank<\/strong><\/td><td>78<\/td><td>10<\/td><td>0<\/td><td>3<\/td><td>7,8<\/td><\/tr><tr><td class=\"has-text-align-center\" data-align=\"center\"><strong>Oliver<\/strong><\/td><td>71<\/td><td>10<\/td><td>1<\/td><td>4<\/td><td>7,1<\/td><\/tr><tr><td class=\"has-text-align-center\" data-align=\"center\"><strong>Markus<\/strong><\/td><td>69<\/td><td>9<\/td><td>0<\/td><td>5<\/td><td>7,7<\/td><\/tr><tr><td class=\"has-text-align-center\" data-align=\"center\"><strong>Puffi<\/strong><\/td><td>68<\/td><td>7<\/td><td>0<\/td><td>6<\/td><td>9,7<\/td><\/tr><tr><td class=\"has-text-align-center\" data-align=\"center\"><strong>Rosti<\/strong><\/td><td>65<\/td><td>10<\/td><td>0<\/td><td>7<\/td><td>6,5<\/td><\/tr><tr><td class=\"has-text-align-center\" data-align=\"center\"><strong>Norbert<\/strong><\/td><td>53<\/td><td>7<\/td><td>1<\/td><td>8<\/td><td>7,6<\/td><\/tr><tr><td class=\"has-text-align-center\" data-align=\"center\"><strong>Uwe<\/strong><\/td><td>51<\/td><td>11<\/td><td>0<\/td><td>9<\/td><td>4,6<\/td><\/tr><tr><td class=\"has-text-align-center\" data-align=\"center\"><strong>Achim<\/strong><\/td><td>51<\/td><td>11<\/td><td>0<\/td><td>9<\/td><td>4,6<\/td><\/tr><tr><td class=\"has-text-align-center\" data-align=\"center\"><strong>Udo<\/strong><\/td><td>43<\/td><td>9<\/td><td>0<\/td><td>11<\/td><td>4,8<\/td><\/tr><\/tbody><\/table><\/figure>\n","protected":false},"excerpt":{"rendered":"<p>15, 12, 10, 8, 6, 5, 4, 3, 2, 1 Punkte f\u00fcr die ersten zehn der Preispartie und bei Gleichstand jeweils die h\u00f6here Punktzahl, dann werden aber n\u00e4chste Stufe(n) auslassen. Formel 1 2025 Kegler Punkte Anwesend K\u00f6nig Rang Durchschnitt Stefan 8 1 0 Ingo 0 0 2 Udo 5 1 2 Oliver 8 1 0 [&hellip;]<\/p>\n","protected":false},"author":1,"featured_media":0,"parent":0,"menu_order":0,"comment_status":"closed","ping_status":"closed","template":"","meta":{"footnotes":""},"class_list":["post-1433","page","type-page","status-publish","hentry"],"_links":{"self":[{"href":"https:\/\/nektarexpress.de\/index.php?rest_route=\/wp\/v2\/pages\/1433","targetHints":{"allow":["GET"]}}],"collection":[{"href":"https:\/\/nektarexpress.de\/index.php?rest_route=\/wp\/v2\/pages"}],"about":[{"href":"https:\/\/nektarexpress.de\/index.php?rest_route=\/wp\/v2\/types\/page"}],"author":[{"embeddable":true,"href":"https:\/\/nektarexpress.de\/index.php?rest_route=\/wp\/v2\/users\/1"}],"replies":[{"embeddable":true,"href":"https:\/\/nektarexpress.de\/index.php?rest_route=%2Fwp%2Fv2%2Fcomments&post=1433"}],"version-history":[{"count":19,"href":"https:\/\/nektarexpress.de\/index.php?rest_route=\/wp\/v2\/pages\/1433\/revisions"}],"predecessor-version":[{"id":1605,"href":"https:\/\/nektarexpress.de\/index.php?rest_route=\/wp\/v2\/pages\/1433\/revisions\/1605"}],"wp:attachment":[{"href":"https:\/\/nektarexpress.de\/index.php?rest_route=%2Fwp%2Fv2%2Fmedia&parent=1433"}],"curies":[{"name":"wp","href":"https:\/\/api.w.org\/{rel}","templated":true}]}}